{"id":3638,"date":"2025-12-06T22:02:20","date_gmt":"2025-12-06T21:02:20","guid":{"rendered":"https:\/\/ganzheitlichbegleiten.clever-websites.de\/home\/"},"modified":"2026-05-11T19:04:41","modified_gmt":"2026-05-11T17:04:41","slug":"home","status":"publish","type":"page","link":"https:\/\/ganzheitlichbegleiten.clever-websites.de\/","title":{"rendered":"Start"},"content":{"rendered":"\t\t<div data-elementor-type=\"wp-page\" data-elementor-id=\"3638\" class=\"elementor elementor-3638\" data-elementor-post-type=\"page\">\n\t\t\t\t<div class=\"elementor-element elementor-element-43c45a9 e-flex e-con-boxed e-con e-parent\" data-id=\"43c45a9\" data-element_type=\"container\" data-e-type=\"container\" data-settings=\"{&quot;background_background&quot;:&quot;classic&quot;}\">\n\t\t\t\t\t<div class=\"e-con-inner\">\n\t\t<div class=\"elementor-element elementor-element-e13ac30 e-con-full e-flex e-con e-child\" data-id=\"e13ac30\" data-element_type=\"container\" data-e-type=\"container\">\n\t\t<div class=\"elementor-element elementor-element-847a759 e-con-full e-flex e-con e-child\" data-id=\"847a759\" data-element_type=\"container\" data-e-type=\"container\" data-settings=\"{&quot;background_background&quot;:&quot;classic&quot;}\">\n\t\t\t\t<div class=\"elementor-element elementor-element-172b9fc elementor-widget elementor-widget-image\" data-id=\"172b9fc\" data-element_type=\"widget\" data-e-type=\"widget\" data-widget_type=\"image.default\">\n\t\t\t\t<div class=\"elementor-widget-container\">\n\t\t\t\t\t\t\t\t\t\t\t\t\t\t\t<img fetchpriority=\"high\" decoding=\"async\" width=\"768\" height=\"1024\" src=\"https:\/\/ganzheitlichbegleiten.clever-websites.de\/wp-content\/uploads\/2025\/12\/IMG_4786-768x1024.jpg\" class=\"attachment-large size-large wp-image-1065\" alt=\"\" srcset=\"https:\/\/ganzheitlichbegleiten.clever-websites.de\/wp-content\/uploads\/2025\/12\/IMG_4786-768x1024.jpg 768w, https:\/\/ganzheitlichbegleiten.clever-websites.de\/wp-content\/uploads\/2025\/12\/IMG_4786-225x300.jpg 225w, https:\/\/ganzheitlichbegleiten.clever-websites.de\/wp-content\/uploads\/2025\/12\/IMG_4786-1152x1536.jpg 1152w, https:\/\/ganzheitlichbegleiten.clever-websites.de\/wp-content\/uploads\/2025\/12\/IMG_4786-1536x2048.jpg 1536w, https:\/\/ganzheitlichbegleiten.clever-websites.de\/wp-content\/uploads\/2025\/12\/IMG_4786-scaled.jpg 1440w\" sizes=\"(max-width: 768px) 100vw, 768px\" \/>\t\t\t\t\t\t\t\t\t\t\t\t\t\t\t<\/div>\n\t\t\t\t<\/div>\n\t\t\t\t<div class=\"elementor-element elementor-element-8798dbf elementor-widget__width-initial elementor-widget elementor-widget-text-editor\" data-id=\"8798dbf\" data-element_type=\"widget\" data-e-type=\"widget\" data-widget_type=\"text-editor.default\">\n\t\t\t\t<div class=\"elementor-widget-container\">\n\t\t\t\t\t\t\t\t\t<p><em>Selbstf\u00fcrsorge ist kein Luxus, sondern eine wichtige Grundlage f\u00fcr starke M\u00fctter, starke Partnerinnen, starke Frauen im Leben. \u00a0<\/em><\/p>\t\t\t\t\t\t\t\t<\/div>\n\t\t\t\t<\/div>\n\t\t\t\t<\/div>\n\t\t<div class=\"elementor-element elementor-element-80bc491 e-con-full e-flex e-con e-child\" data-id=\"80bc491\" data-element_type=\"container\" data-e-type=\"container\" data-settings=\"{&quot;background_background&quot;:&quot;classic&quot;}\">\n\t\t\t\t<div class=\"elementor-element elementor-element-bd3c3f4 elementor-widget__width-initial elementor-widget elementor-widget-text-editor\" data-id=\"bd3c3f4\" data-element_type=\"widget\" data-e-type=\"widget\" data-widget_type=\"text-editor.default\">\n\t\t\t\t<div class=\"elementor-widget-container\">\n\t\t\t\t\t\t\t\t\t<h1>Sch\u00f6n, dass du da bist!<\/h1>\t\t\t\t\t\t\t\t<\/div>\n\t\t\t\t<\/div>\n\t\t\t\t<div class=\"elementor-element elementor-element-f6aa826 elementor-widget-divider--view-line elementor-widget elementor-widget-divider\" data-id=\"f6aa826\" data-element_type=\"widget\" data-e-type=\"widget\" data-widget_type=\"divider.default\">\n\t\t\t\t<div class=\"elementor-widget-container\">\n\t\t\t\t\t\t\t<div class=\"elementor-divider\">\n\t\t\t<span class=\"elementor-divider-separator\">\n\t\t\t\t\t\t<\/span>\n\t\t<\/div>\n\t\t\t\t\t\t<\/div>\n\t\t\t\t<\/div>\n\t\t\t\t<div class=\"elementor-element elementor-element-06a41ea elementor-widget elementor-widget-text-editor\" data-id=\"06a41ea\" data-element_type=\"widget\" data-e-type=\"widget\" data-widget_type=\"text-editor.default\">\n\t\t\t\t<div class=\"elementor-widget-container\">\n\t\t\t\t\t\t\t\t\t<div class=\"prose dark:prose-invert inline leading-relaxed break-words min-w-0 [word-break:break-word] prose-strong:font-medium [&amp;_&gt;*:first-child]:mt-0\"><p class=\"my-2 [&amp;+p]:mt-4 [&amp;_strong:has(+br)]:inline-block [&amp;_strong:has(+br)]:pb-2\">Herzlich willkommen in meinem Raum f\u00fcr Frauen, die mehr Leichtigkeit, Energie und innere Ruhe im Alltag suchen.<\/p><p class=\"my-2 [&amp;+p]:mt-4 [&amp;_strong:has(+br)]:inline-block [&amp;_strong:has(+br)]:pb-2\">Als zertifizierte ganzheitliche Gesundheitsberaterin (IHK) und Mutter von zwei Kindern begleite ich dich sanft dabei, K\u00f6rper, Geist und Seele in Einklang zu bringen \u2013 durch alltagstaugliche Selbstf\u00fcrsorge, bewusste Impulse und einen liebevollen Umgang mit dir selbst.<\/p><p class=\"my-2 [&amp;+p]:mt-4 [&amp;_strong:has(+br)]:inline-block [&amp;_strong:has(+br)]:pb-2\">Nimm dir einen Moment, atme tief durch und lass dich inspirieren, wie du Schritt f\u00fcr Schritt deine Vitalit\u00e4t st\u00e4rkst.<\/p><\/div>\t\t\t\t\t\t\t\t<\/div>\n\t\t\t\t<\/div>\n\t\t\t\t<\/div>\n\t\t\t\t<\/div>\n\t\t\t\t<div class=\"elementor-element elementor-element-e8ecc60 elementor-align-center elementor-widget elementor-widget-button\" data-id=\"e8ecc60\" data-element_type=\"widget\" data-e-type=\"widget\" data-widget_type=\"button.default\">\n\t\t\t\t<div class=\"elementor-widget-container\">\n\t\t\t\t\t\t\t\t\t<div class=\"elementor-button-wrapper\">\n\t\t\t\t\t<a class=\"elementor-button elementor-button-link elementor-size-sm\" href=\"https:\/\/ganzheitlichbegleiten.clever-websites.de\/?page_id=3641\">\n\t\t\t\t\t\t<span class=\"elementor-button-content-wrapper\">\n\t\t\t\t\t\t\t\t\t<span class=\"elementor-button-text\">Hier gehts direkt zu meinen Kursen<\/span>\n\t\t\t\t\t<\/span>\n\t\t\t\t\t<\/a>\n\t\t\t\t<\/div>\n\t\t\t\t\t\t\t\t<\/div>\n\t\t\t\t<\/div>\n\t\t\t\t\t<\/div>\n\t\t\t\t<\/div>\n\t\t<div class=\"elementor-element elementor-element-bb93c6f e-flex e-con-boxed e-con e-parent\" data-id=\"bb93c6f\" data-element_type=\"container\" data-e-type=\"container\" data-settings=\"{&quot;background_background&quot;:&quot;classic&quot;}\">\n\t\t\t\t\t<div class=\"e-con-inner\">\n\t\t\t\t<div class=\"elementor-element elementor-element-cfda1f2 elementor-widget-divider--view-line elementor-widget elementor-widget-divider\" data-id=\"cfda1f2\" data-element_type=\"widget\" data-e-type=\"widget\" data-widget_type=\"divider.default\">\n\t\t\t\t<div class=\"elementor-widget-container\">\n\t\t\t\t\t\t\t<div class=\"elementor-divider\">\n\t\t\t<span class=\"elementor-divider-separator\">\n\t\t\t\t\t\t<\/span>\n\t\t<\/div>\n\t\t\t\t\t\t<\/div>\n\t\t\t\t<\/div>\n\t\t\t\t\t<\/div>\n\t\t\t\t<\/div>\n\t\t<div class=\"elementor-element elementor-element-dda8d70 e-grid e-con-boxed e-con e-parent\" data-id=\"dda8d70\" data-element_type=\"container\" data-e-type=\"container\" data-settings=\"{&quot;background_background&quot;:&quot;classic&quot;}\">\n\t\t\t\t\t<div class=\"e-con-inner\">\n\t\t\t\t<div class=\"elementor-element elementor-element-5065f01 elementor-widget elementor-widget-text-editor\" data-id=\"5065f01\" data-element_type=\"widget\" data-e-type=\"widget\" data-widget_type=\"text-editor.default\">\n\t\t\t\t<div class=\"elementor-widget-container\">\n\t\t\t\t\t\t\t\t\t<p><em>Mein Workshop bei Evas Arche zum Thema:\u00a0<br \/><strong>Stress &amp; wie wir wieder in Balance gelangen<\/strong><\/em><\/p><p><em>&#8222;In entspannter Runde hat Antonia uns interessanten Input zu den Themen Bewegung, Ern\u00e4hrung, Pflanzen und Entspannung gegeben. Wir haben viel \u00fcber die Vorg\u00e4nge im K\u00f6rper erfahren, die bei Dauerstress in Gang gesetzt werden und wie sich das auf Hormone, Schlaf etc. auswirkt. &#8230;&#8220;<\/em><\/p><p>Ich bin sehr dankbar f\u00fcr den wundervollen Austausch unter den Frauen an diesem Tag!\u00a0<\/p>\t\t\t\t\t\t\t\t<\/div>\n\t\t\t\t<\/div>\n\t\t\t\t<div class=\"elementor-element elementor-element-f699657 elementor-widget__width-initial e-transform e-transform elementor-widget-mobile__width-inherit elementor-widget elementor-widget-image\" data-id=\"f699657\" data-element_type=\"widget\" data-e-type=\"widget\" data-settings=\"{&quot;_transform_translateX_effect&quot;:{&quot;unit&quot;:&quot;px&quot;,&quot;size&quot;:0,&quot;sizes&quot;:[]},&quot;_transform_scale_effect&quot;:{&quot;unit&quot;:&quot;px&quot;,&quot;size&quot;:1,&quot;sizes&quot;:[]},&quot;_transform_translateX_effect_tablet&quot;:{&quot;unit&quot;:&quot;px&quot;,&quot;size&quot;:&quot;&quot;,&quot;sizes&quot;:[]},&quot;_transform_translateX_effect_mobile&quot;:{&quot;unit&quot;:&quot;px&quot;,&quot;size&quot;:&quot;&quot;,&quot;sizes&quot;:[]},&quot;_transform_translateY_effect&quot;:{&quot;unit&quot;:&quot;px&quot;,&quot;size&quot;:&quot;&quot;,&quot;sizes&quot;:[]},&quot;_transform_translateY_effect_tablet&quot;:{&quot;unit&quot;:&quot;px&quot;,&quot;size&quot;:&quot;&quot;,&quot;sizes&quot;:[]},&quot;_transform_translateY_effect_mobile&quot;:{&quot;unit&quot;:&quot;px&quot;,&quot;size&quot;:&quot;&quot;,&quot;sizes&quot;:[]},&quot;_transform_scale_effect_tablet&quot;:{&quot;unit&quot;:&quot;px&quot;,&quot;size&quot;:&quot;&quot;,&quot;sizes&quot;:[]},&quot;_transform_scale_effect_mobile&quot;:{&quot;unit&quot;:&quot;px&quot;,&quot;size&quot;:&quot;&quot;,&quot;sizes&quot;:[]}}\" data-widget_type=\"image.default\">\n\t\t\t\t<div class=\"elementor-widget-container\">\n\t\t\t\t\t\t\t\t\t\t\t\t\t\t\t<img decoding=\"async\" width=\"1170\" height=\"1772\" src=\"https:\/\/ganzheitlichbegleiten.clever-websites.de\/wp-content\/uploads\/2026\/04\/IMG_0177.jpg\" class=\"attachment-full size-full wp-image-4806\" alt=\"\" srcset=\"https:\/\/ganzheitlichbegleiten.clever-websites.de\/wp-content\/uploads\/2026\/04\/IMG_0177.jpg 1170w, https:\/\/ganzheitlichbegleiten.clever-websites.de\/wp-content\/uploads\/2026\/04\/IMG_0177-198x300.jpg 198w, https:\/\/ganzheitlichbegleiten.clever-websites.de\/wp-content\/uploads\/2026\/04\/IMG_0177-676x1024.jpg 676w, https:\/\/ganzheitlichbegleiten.clever-websites.de\/wp-content\/uploads\/2026\/04\/IMG_0177-768x1163.jpg 768w, https:\/\/ganzheitlichbegleiten.clever-websites.de\/wp-content\/uploads\/2026\/04\/IMG_0177-1014x1536.jpg 1014w\" sizes=\"(max-width: 1170px) 100vw, 1170px\" \/>\t\t\t\t\t\t\t\t\t\t\t\t\t\t\t<\/div>\n\t\t\t\t<\/div>\n\t\t\t\t\t<\/div>\n\t\t\t\t<\/div>\n\t\t<div class=\"elementor-element elementor-element-fd14bd7 e-flex e-con-boxed e-con e-parent\" data-id=\"fd14bd7\" data-element_type=\"container\" data-e-type=\"container\" data-settings=\"{&quot;background_background&quot;:&quot;classic&quot;}\">\n\t\t\t\t\t<div class=\"e-con-inner\">\n\t\t\t\t<div class=\"elementor-element elementor-element-2b78ec6 elementor-widget-divider--view-line elementor-widget elementor-widget-divider\" data-id=\"2b78ec6\" data-element_type=\"widget\" data-e-type=\"widget\" data-widget_type=\"divider.default\">\n\t\t\t\t<div class=\"elementor-widget-container\">\n\t\t\t\t\t\t\t<div class=\"elementor-divider\">\n\t\t\t<span class=\"elementor-divider-separator\">\n\t\t\t\t\t\t<\/span>\n\t\t<\/div>\n\t\t\t\t\t\t<\/div>\n\t\t\t\t<\/div>\n\t\t\t\t\t<\/div>\n\t\t\t\t<\/div>\n\t\t<div class=\"elementor-element elementor-element-aac4ecc e-grid e-con-boxed e-con e-parent\" data-id=\"aac4ecc\" data-element_type=\"container\" data-e-type=\"container\" data-settings=\"{&quot;background_background&quot;:&quot;classic&quot;}\">\n\t\t\t\t\t<div class=\"e-con-inner\">\n\t\t\t\t<div class=\"elementor-element elementor-element-85bc4db elementor-widget elementor-widget-image\" data-id=\"85bc4db\" data-element_type=\"widget\" data-e-type=\"widget\" data-widget_type=\"image.default\">\n\t\t\t\t<div class=\"elementor-widget-container\">\n\t\t\t\t\t\t\t\t\t\t\t\t\t\t\t<img decoding=\"async\" src=\"https:\/\/ganzheitlichbegleiten.clever-websites.de\/wp-content\/uploads\/2025\/12\/Buch_Dem-Mond-so-nah.jpg\" class=\"attachment-full size-full wp-image-3838\" alt=\"\" \/>\t\t\t\t\t\t\t\t\t\t\t\t\t\t\t<\/div>\n\t\t\t\t<\/div>\n\t\t\t\t<div class=\"elementor-element elementor-element-6990616 elementor-widget elementor-widget-text-editor\" data-id=\"6990616\" data-element_type=\"widget\" data-e-type=\"widget\" data-widget_type=\"text-editor.default\">\n\t\t\t\t<div class=\"elementor-widget-container\">\n\t\t\t\t\t\t\t\t\t<p><strong>\u201eDem <\/strong><strong>Mond<\/strong><strong> so nah\u201c<\/strong><br \/><em>von Lucy H. Pearce<br \/><\/em><\/p><p><em>\u201eDie Gabe der wilden Frau (\u2026) Aber wir alle haben eine dunkle Seite, eine Schatten-Energie. Das ist unsere Wut, unsere Wildheit, unsere F\u00e4higkeit, zu toben und zu zerst\u00f6ren. Das ist die Wilde \u2013 und sie ist in uns allen. Sie kommt dann zum Vorschein, wenn wir m\u00fcde sind und uns \u00fcberfordert f\u00fchlen. Wenn wir zuviel von uns gegeben haben (\u2026) wenn unsere Blutung naht.\u201c<br \/><\/em><\/p><p><a href=\"https:\/\/ganzheitlichbegleiten.clever-websites.de\/meine-favoriten\/\">Zum vollst\u00e4ndigen Beitrag&#8230;<\/a><\/p>\t\t\t\t\t\t\t\t<\/div>\n\t\t\t\t<\/div>\n\t\t\t\t\t<\/div>\n\t\t\t\t<\/div>\n\t\t<div class=\"elementor-element elementor-element-12782b9 e-flex e-con-boxed e-con e-parent\" data-id=\"12782b9\" data-element_type=\"container\" data-e-type=\"container\" data-settings=\"{&quot;background_background&quot;:&quot;classic&quot;}\">\n\t\t\t\t\t<div class=\"e-con-inner\">\n\t\t\t\t<div class=\"elementor-element elementor-element-6fd1891 elementor-widget-divider--view-line elementor-widget elementor-widget-divider\" data-id=\"6fd1891\" data-element_type=\"widget\" data-e-type=\"widget\" data-widget_type=\"divider.default\">\n\t\t\t\t<div class=\"elementor-widget-container\">\n\t\t\t\t\t\t\t<div class=\"elementor-divider\">\n\t\t\t<span class=\"elementor-divider-separator\">\n\t\t\t\t\t\t<\/span>\n\t\t<\/div>\n\t\t\t\t\t\t<\/div>\n\t\t\t\t<\/div>\n\t\t\t\t\t<\/div>\n\t\t\t\t<\/div>\n\t\t<div class=\"elementor-element elementor-element-7799bd9 e-grid e-con-boxed e-con e-parent\" data-id=\"7799bd9\" data-element_type=\"container\" data-e-type=\"container\" data-settings=\"{&quot;background_background&quot;:&quot;classic&quot;}\">\n\t\t\t\t\t<div class=\"e-con-inner\">\n\t\t\t\t<div class=\"elementor-element elementor-element-d63e700 elementor-widget elementor-widget-text-editor\" data-id=\"d63e700\" data-element_type=\"widget\" data-e-type=\"widget\" data-widget_type=\"text-editor.default\">\n\t\t\t\t<div class=\"elementor-widget-container\">\n\t\t\t\t\t\t\t\t\t<p><em>Meine t\u00e4gliche Routine<br \/><\/em><strong>Vollspektrum Omega 3 \u00d6l<\/strong><\/p><p>Omega 3 ist essentiell und wir sollten es t\u00e4glich einnehmen. Ob dein K\u00f6rper ausreichend versorgt ist, k\u00f6nnen wir \u00fcber einen einfach Test gemeinsam herausfinden. <a href=\"https:\/\/ganzheitlichbegleiten.clever-websites.de\/contact\/\"><em><strong>Melde dich dazu gerne bei mir!<\/strong><\/em><\/a><\/p><p><strong>Gesunde Zellen mit Omega-3 <br \/>\u2013 dein Wohlbefinden beginnt in dir<\/strong><\/p><p><a href=\"https:\/\/ganzheitlichbegleiten.clever-websites.de\/meine-favoriten\/\">Mehr zum Thema findest du hier&#8230;<\/a><\/p>\t\t\t\t\t\t\t\t<\/div>\n\t\t\t\t<\/div>\n\t\t\t\t<div class=\"elementor-element elementor-element-2614117 elementor-widget elementor-widget-image\" data-id=\"2614117\" data-element_type=\"widget\" data-e-type=\"widget\" data-widget_type=\"image.default\">\n\t\t\t\t<div class=\"elementor-widget-container\">\n\t\t\t\t\t\t\t\t\t\t\t\t\t\t\t<img decoding=\"async\" src=\"https:\/\/ganzheitlichbegleiten.clever-websites.de\/wp-content\/uploads\/2025\/12\/Omega-3_klein-scaled.jpg\" title=\"Omega 3_klein\" alt=\"Omega 3_klein\" loading=\"lazy\" \/>\t\t\t\t\t\t\t\t\t\t\t\t\t\t\t<\/div>\n\t\t\t\t<\/div>\n\t\t\t\t\t<\/div>\n\t\t\t\t<\/div>\n\t\t<div class=\"elementor-element elementor-element-8f2676c e-flex e-con-boxed e-con e-parent\" data-id=\"8f2676c\" data-element_type=\"container\" data-e-type=\"container\" data-settings=\"{&quot;background_background&quot;:&quot;classic&quot;}\">\n\t\t\t\t\t<div class=\"e-con-inner\">\n\t\t\t\t<div class=\"elementor-element elementor-element-b6f7ec7 elementor-widget-divider--view-line elementor-widget elementor-widget-divider\" data-id=\"b6f7ec7\" data-element_type=\"widget\" data-e-type=\"widget\" data-widget_type=\"divider.default\">\n\t\t\t\t<div class=\"elementor-widget-container\">\n\t\t\t\t\t\t\t<div class=\"elementor-divider\">\n\t\t\t<span class=\"elementor-divider-separator\">\n\t\t\t\t\t\t<\/span>\n\t\t<\/div>\n\t\t\t\t\t\t<\/div>\n\t\t\t\t<\/div>\n\t\t\t\t\t<\/div>\n\t\t\t\t<\/div>\n\t\t<div class=\"elementor-element elementor-element-e835bd3 e-grid e-con-boxed e-con e-parent\" data-id=\"e835bd3\" data-element_type=\"container\" data-e-type=\"container\" data-settings=\"{&quot;background_background&quot;:&quot;classic&quot;}\">\n\t\t\t\t\t<div class=\"e-con-inner\">\n\t\t\t\t<div class=\"elementor-element elementor-element-ef40019 elementor-widget elementor-widget-image\" data-id=\"ef40019\" data-element_type=\"widget\" data-e-type=\"widget\" data-widget_type=\"image.default\">\n\t\t\t\t<div class=\"elementor-widget-container\">\n\t\t\t\t\t\t\t\t\t\t\t\t\t\t\t<img decoding=\"async\" src=\"https:\/\/ganzheitlichbegleiten.clever-websites.de\/wp-content\/uploads\/2025\/12\/Frauenmantel_klein.jpg\" class=\"attachment-full size-full wp-image-3844\" alt=\"\" \/>\t\t\t\t\t\t\t\t\t\t\t\t\t\t\t<\/div>\n\t\t\t\t<\/div>\n\t\t\t\t<div class=\"elementor-element elementor-element-d0b41b0 elementor-widget elementor-widget-text-editor\" data-id=\"d0b41b0\" data-element_type=\"widget\" data-e-type=\"widget\" data-widget_type=\"text-editor.default\">\n\t\t\t\t<div class=\"elementor-widget-container\">\n\t\t\t\t\t\t\t\t\t<p><em>Lieblingskraut<br \/><\/em><strong>Frauenmantel (Alchemilla vulgaris)<\/strong><\/p><p>Wunderbar umh\u00fcllend &#8211; <br \/>samtig, sch\u00fctzend wie ein Mantel.<\/p><p>Frauenmantel unterst\u00fctzt\u00a0 uns Frauen mit seinen entz\u00fcndungshemmenden und hormonregulierenden Eigenschaften, strafft und festigt unser Gewebe und gibt uns innere Stabilit\u00e4t.<\/p><p><a href=\"https:\/\/ganzheitlichbegleiten.clever-websites.de\/meine-favoriten\/\">Lies den ganzen Beitrag hier &#8230;<\/a><\/p>\t\t\t\t\t\t\t\t<\/div>\n\t\t\t\t<\/div>\n\t\t\t\t\t<\/div>\n\t\t\t\t<\/div>\n\t\t\t\t<\/div>\n\t\t","protected":false},"excerpt":{"rendered":"<p>Selbstf\u00fcrsorge ist kein Luxus, sondern eine wichtige Grundlage f\u00fcr starke M\u00fctter, starke Partnerinnen, starke Frauen im Leben. \u00a0 Sch\u00f6n, dass du da bist! Herzlich willkommen in meinem Raum f\u00fcr Frauen, die mehr Leichtigkeit, Energie und innere Ruhe im Alltag suchen. Als zertifizierte ganzheitliche Gesundheitsberaterin (IHK) und Mutter von zwei Kindern begleite ich dich sanft dabei, [&hellip;]<\/p>\n","protected":false},"author":3,"featured_media":0,"parent":0,"menu_order":0,"comment_status":"closed","ping_status":"closed","template":"elementor_header_footer","meta":{"footnotes":""},"class_list":["post-3638","page","type-page","status-publish","hentry"],"_links":{"self":[{"href":"https:\/\/ganzheitlichbegleiten.clever-websites.de\/index.php?rest_route=\/wp\/v2\/pages\/3638","targetHints":{"allow":["GET"]}}],"collection":[{"href":"https:\/\/ganzheitlichbegleiten.clever-websites.de\/index.php?rest_route=\/wp\/v2\/pages"}],"about":[{"href":"https:\/\/ganzheitlichbegleiten.clever-websites.de\/index.php?rest_route=\/wp\/v2\/types\/page"}],"author":[{"embeddable":true,"href":"https:\/\/ganzheitlichbegleiten.clever-websites.de\/index.php?rest_route=\/wp\/v2\/users\/3"}],"replies":[{"embeddable":true,"href":"https:\/\/ganzheitlichbegleiten.clever-websites.de\/index.php?rest_route=%2Fwp%2Fv2%2Fcomments&post=3638"}],"version-history":[{"count":343,"href":"https:\/\/ganzheitlichbegleiten.clever-websites.de\/index.php?rest_route=\/wp\/v2\/pages\/3638\/revisions"}],"predecessor-version":[{"id":5369,"href":"https:\/\/ganzheitlichbegleiten.clever-websites.de\/index.php?rest_route=\/wp\/v2\/pages\/3638\/revisions\/5369"}],"wp:attachment":[{"href":"https:\/\/ganzheitlichbegleiten.clever-websites.de\/index.php?rest_route=%2Fwp%2Fv2%2Fmedia&parent=3638"}],"curies":[{"name":"wp","href":"https:\/\/api.w.org\/{rel}","templated":true}]}}