{"id":3641,"date":"2025-12-06T22:02:20","date_gmt":"2025-12-06T21:02:20","guid":{"rendered":"https:\/\/ganzheitlichbegleiten.clever-websites.de\/portfolio\/"},"modified":"2026-05-11T08:34:05","modified_gmt":"2026-05-11T06:34:05","slug":"portfolio","status":"publish","type":"page","link":"https:\/\/ganzheitlichbegleiten.clever-websites.de\/?page_id=3641","title":{"rendered":"Kurse"},"content":{"rendered":"\t\t<div data-elementor-type=\"wp-page\" data-elementor-id=\"3641\" class=\"elementor elementor-3641\" data-elementor-post-type=\"page\">\n\t\t\t\t<div class=\"elementor-element elementor-element-7502438 e-flex e-con-boxed e-con e-parent\" data-id=\"7502438\" data-element_type=\"container\" data-e-type=\"container\" data-settings=\"{&quot;background_background&quot;:&quot;classic&quot;}\">\n\t\t\t\t\t<div class=\"e-con-inner\">\n\t\t<div class=\"elementor-element elementor-element-5c41a16 e-con-full e-flex e-con e-child\" data-id=\"5c41a16\" data-element_type=\"container\" data-e-type=\"container\" data-settings=\"{&quot;background_background&quot;:&quot;classic&quot;}\">\n\t\t\t\t<div class=\"elementor-element elementor-element-3c575bb elementor-widget__width-initial elementor-widget elementor-widget-text-editor\" data-id=\"3c575bb\" data-element_type=\"widget\" data-e-type=\"widget\" data-widget_type=\"text-editor.default\">\n\t\t\t\t<div class=\"elementor-widget-container\">\n\t\t\t\t\t\t\t\t\t<h6>donnerstags<br \/>19:30 Uhr<\/h6><p>online via Zoom Link<\/p><p>25 min\/ 14 \u20ac<\/p><p><a href=\"https:\/\/www.checkout-ds24.com\/product\/691358\"><strong>Jetzt Abendzauber buchen<\/strong><\/a><\/p><h6>\u00a0<\/h6><h6 class=\"my-2 [&amp;+p]:mt-4 [&amp;_strong:has(+br)]:inline-block [&amp;_strong:has(+br)]:pb-2\">\u00a0<\/h6><h6>\u00a0<\/h6>\t\t\t\t\t\t\t\t<\/div>\n\t\t\t\t<\/div>\n\t\t\t\t<div class=\"elementor-element elementor-element-a975df2 elementor-widget elementor-widget-image\" data-id=\"a975df2\" data-element_type=\"widget\" data-e-type=\"widget\" data-widget_type=\"image.default\">\n\t\t\t\t<div class=\"elementor-widget-container\">\n\t\t\t\t\t\t\t\t\t\t\t\t\t\t\t<img fetchpriority=\"high\" decoding=\"async\" width=\"2560\" height=\"1702\" src=\"https:\/\/ganzheitlichbegleiten.clever-websites.de\/wp-content\/uploads\/2026\/05\/Entspannung_Kerze-scaled.jpg\" class=\"attachment-full size-full wp-image-4899\" alt=\"\" srcset=\"https:\/\/ganzheitlichbegleiten.clever-websites.de\/wp-content\/uploads\/2026\/05\/Entspannung_Kerze-scaled.jpg 2560w, https:\/\/ganzheitlichbegleiten.clever-websites.de\/wp-content\/uploads\/2026\/05\/Entspannung_Kerze-300x199.jpg 300w, https:\/\/ganzheitlichbegleiten.clever-websites.de\/wp-content\/uploads\/2026\/05\/Entspannung_Kerze-1024x681.jpg 1024w, https:\/\/ganzheitlichbegleiten.clever-websites.de\/wp-content\/uploads\/2026\/05\/Entspannung_Kerze-768x511.jpg 768w, https:\/\/ganzheitlichbegleiten.clever-websites.de\/wp-content\/uploads\/2026\/05\/Entspannung_Kerze-1536x1021.jpg 1536w, https:\/\/ganzheitlichbegleiten.clever-websites.de\/wp-content\/uploads\/2026\/05\/Entspannung_Kerze-2048x1362.jpg 2048w\" sizes=\"(max-width: 2560px) 100vw, 2560px\" \/>\t\t\t\t\t\t\t\t\t\t\t\t\t\t\t<\/div>\n\t\t\t\t<\/div>\n\t\t<div class=\"elementor-element elementor-element-02fc80c e-con-full e-flex e-con e-child\" data-id=\"02fc80c\" data-element_type=\"container\" data-e-type=\"container\">\n\t\t\t\t<div class=\"elementor-element elementor-element-c9c8525 elementor-absolute elementor-widget-divider--view-line elementor-widget elementor-widget-divider\" data-id=\"c9c8525\" data-element_type=\"widget\" data-e-type=\"widget\" data-settings=\"{&quot;_position&quot;:&quot;absolute&quot;}\" data-widget_type=\"divider.default\">\n\t\t\t\t<div class=\"elementor-widget-container\">\n\t\t\t\t\t\t\t<div class=\"elementor-divider\">\n\t\t\t<span class=\"elementor-divider-separator\">\n\t\t\t\t\t\t<\/span>\n\t\t<\/div>\n\t\t\t\t\t\t<\/div>\n\t\t\t\t<\/div>\n\t\t\t\t<div class=\"elementor-element elementor-element-0e6701c elementor-absolute elementor-widget-mobile__width-initial elementor-widget elementor-widget-text-editor\" data-id=\"0e6701c\" data-element_type=\"widget\" data-e-type=\"widget\" data-settings=\"{&quot;_position&quot;:&quot;absolute&quot;}\" data-widget_type=\"text-editor.default\">\n\t\t\t\t<div class=\"elementor-widget-container\">\n\t\t\t\t\t\t\t\t\t<h6>Mehr als ein Entspannungskurs\u00a0<\/h6><p><em><strong>Du erlebst eine frauenspezifische Reise mit gezielten Themen rund um K\u00f6rper, Geist und Seele.<\/strong><\/em><\/p><div class=\"page\" title=\"Page 1\"><div class=\"section\"><div class=\"layoutArea\"><div class=\"column\"><p>Ein ganzheitlicher Kurs fu\u0308r Frauen rund um einen stressfreieren Alltag, bewusstes Leben und gesundes Wohlbefinden mit wohlwollendem Austausch.<\/p><p>KO\u0308RPER: Impulse aus Erna\u0308hrung, Bewegung &amp; Pflanzenkunde<\/p><p>HERZ: Achtsamkeit, Rituale &amp; wohltuender Austausch unter Frauen<\/p><p>GEIST: Entspannungstechniken &amp; klare Gedanken<\/p><p>Liebevolle Auszeit mit herzlicher Gemeinschaft \u2013 <br \/>fu\u0308r mehr Ruhe, Kraft und innere Harmonie.<br \/>Fu\u0308r Frauen, die sich selbst wieder spu\u0308ren mo\u0308chten.<\/p><\/div><\/div><\/div><\/div>\t\t\t\t\t\t\t\t<\/div>\n\t\t\t\t<\/div>\n\t\t\t\t<div class=\"elementor-element elementor-element-38aba02 elementor-widget elementor-widget-button\" data-id=\"38aba02\" data-element_type=\"widget\" data-e-type=\"widget\" data-widget_type=\"button.default\">\n\t\t\t\t<div class=\"elementor-widget-container\">\n\t\t\t\t\t\t\t\t\t<div class=\"elementor-button-wrapper\">\n\t\t\t\t\t<a class=\"elementor-button elementor-button-link elementor-size-sm\" href=\"https:\/\/www.checkout-ds24.com\/product\/691358\">\n\t\t\t\t\t\t<span class=\"elementor-button-content-wrapper\">\n\t\t\t\t\t\t\t\t\t<span class=\"elementor-button-text\">Abendzauber buchen<\/span>\n\t\t\t\t\t<\/span>\n\t\t\t\t\t<\/a>\n\t\t\t\t<\/div>\n\t\t\t\t\t\t\t\t<\/div>\n\t\t\t\t<\/div>\n\t\t\t\t<\/div>\n\t\t\t\t<\/div>\n\t\t<div class=\"elementor-element elementor-element-682ebef e-con-full e-flex e-con e-child\" data-id=\"682ebef\" data-element_type=\"container\" data-e-type=\"container\">\n\t\t<div class=\"elementor-element elementor-element-d052c77 e-con-full e-flex e-con e-child\" data-id=\"d052c77\" data-element_type=\"container\" data-e-type=\"container\">\n\t\t\t\t<\/div>\n\t\t\t\t<div class=\"elementor-element elementor-element-025ed47 elementor-widget__width-initial elementor-absolute elementor-widget-mobile__width-initial elementor-widget elementor-widget-heading\" data-id=\"025ed47\" data-element_type=\"widget\" data-e-type=\"widget\" data-settings=\"{&quot;_position&quot;:&quot;absolute&quot;}\" data-widget_type=\"heading.default\">\n\t\t\t\t<div class=\"elementor-widget-container\">\n\t\t\t\t\t<h5 class=\"elementor-heading-title elementor-size-default\">Abendzauber \u2013 Dein Wohlf\u00fchl-Ritual <\/h5>\t\t\t\t<\/div>\n\t\t\t\t<\/div>\n\t\t\t\t<div class=\"elementor-element elementor-element-196cc08 elementor-absolute elementor-widget-divider--view-line elementor-widget elementor-widget-divider\" data-id=\"196cc08\" data-element_type=\"widget\" data-e-type=\"widget\" data-settings=\"{&quot;_position&quot;:&quot;absolute&quot;}\" data-widget_type=\"divider.default\">\n\t\t\t\t<div class=\"elementor-widget-container\">\n\t\t\t\t\t\t\t<div class=\"elementor-divider\">\n\t\t\t<span class=\"elementor-divider-separator\">\n\t\t\t\t\t\t<\/span>\n\t\t<\/div>\n\t\t\t\t\t\t<\/div>\n\t\t\t\t<\/div>\n\t\t\t\t<div class=\"elementor-element elementor-element-534c9b5 elementor-absolute elementor-widget elementor-widget-text-editor\" data-id=\"534c9b5\" data-element_type=\"widget\" data-e-type=\"widget\" data-settings=\"{&quot;_position&quot;:&quot;absolute&quot;}\" data-widget_type=\"text-editor.default\">\n\t\t\t\t<div class=\"elementor-widget-container\">\n\t\t\t\t\t\t\t\t\t<p>Eine liebevoll gestaltete Abendroutine f\u00fcr die ganze Familie: gemeinsam zur Ruhe kommen, den Tag loslassen und gut in den Schlaf finden. Mit Entspannung, sanften Visualisierungen, Affirmationen, Dankbarkeit, Mini-Stretching und kleinen Journaling-Impulsen entsteht ein wohltuender Abschluss des Tages. F\u00fcr mehr Geborgenheit, innere Ruhe und einen friedlichen \u00dcbergang in die Nacht.<\/p><p dir=\"auto\"><strong>So einfach machst du mit:<\/strong><\/p><p dir=\"auto\"><strong>Vorbereitung:<\/strong><\/p><ul dir=\"auto\"><li>Suche dir einen ruhigen, gem\u00fctlichen Platz (Sofa, Bett oder Yogamatte)<\/li><li>Ziehe bequeme Kleidung an<\/li><li>Optional: Decke, Kissen, Tee und ged\u00e4mpftes Licht<\/li><li>Die ganze Familie ist herzlich willkommen<\/li><\/ul><p dir=\"auto\"><strong>So funktioniert der Kauf:<\/strong> Klicke auf \u201eJetzt Abendzauber buchen\u201c, w\u00e4hle dein Wunsch-Datum und bezahle sicher \u00fcber Digistore24. Du erh\u00e4ltst sofort eine E-Mail mit dem Zoom-Link.<\/p><p dir=\"auto\"><strong>Ablauf des Abendzaubers:<\/strong><\/p><ul dir=\"auto\"><li>Wir treffen uns live \u00fcber Zoom (25 Minuten)<\/li><li>Gemeinsam lockern wir sanft den K\u00f6rper<\/li><li>Wir f\u00fcllen das Herz mit Dankbarkeit und positiven Impulsen<\/li><li>Sanfte gef\u00fchrte Entspannung f\u00fchrt dich beh\u00fctet in die Nacht<\/li><\/ul><p dir=\"auto\"><strong>Wichtig f\u00fcr dich:<\/strong> Du kannst jederzeit die Kamera auslassen, wenn du mehr Privatsph\u00e4re m\u00f6chtest. Ein Austausch ist auch gerne \u00fcber den Chat m\u00f6glich.<\/p><p dir=\"auto\"><em><strong>Hinweis:<\/strong> Der Abendzauber dient der Entspannung und Gesundheitsf\u00f6rderung. Er ersetzt keine medizinische oder psychotherapeutische Behandlung. Die Teilnahme erfolgt auf eigene Verantwortung.<\/em><\/p>\t\t\t\t\t\t\t\t<\/div>\n\t\t\t\t<\/div>\n\t\t\t\t<\/div>\n\t\t\t\t\t<\/div>\n\t\t\t\t<\/div>\n\t\t<div class=\"elementor-element elementor-element-548c55f e-flex e-con-boxed e-con e-parent\" data-id=\"548c55f\" data-element_type=\"container\" data-e-type=\"container\" data-settings=\"{&quot;background_background&quot;:&quot;classic&quot;}\">\n\t\t\t\t\t<div class=\"e-con-inner\">\n\t\t<div class=\"elementor-element elementor-element-41d72f4 e-con-full e-flex e-con e-child\" data-id=\"41d72f4\" data-element_type=\"container\" data-e-type=\"container\" data-settings=\"{&quot;background_background&quot;:&quot;classic&quot;}\">\n\t\t\t\t<div class=\"elementor-element elementor-element-6a25257 elementor-widget__width-initial elementor-widget elementor-widget-text-editor\" data-id=\"6a25257\" data-element_type=\"widget\" data-e-type=\"widget\" data-widget_type=\"text-editor.default\">\n\t\t\t\t<div class=\"elementor-widget-container\">\n\t\t\t\t\t\t\t\t\t<h6>immer Freitags<br \/>10:30- 11:30 Uhr<\/h6><p>Ort: Saal im Familienzentrum Honigpumpe im Waldorfkindergarten, Chorinerstr. 25, Berlin<\/p><p>60 Min. \/ 19 \u20ac<\/p><p><a href=\"https:\/\/ganzheitlichbegleiten.clever-websites.de\/contact\/\">Sag mir gerne Bescheid,<br \/>wenn du kommen m\u00f6chtest.<\/a><\/p><h6>\u00a0<\/h6><h6 class=\"my-2 [&amp;+p]:mt-4 [&amp;_strong:has(+br)]:inline-block [&amp;_strong:has(+br)]:pb-2\">\u00a0<\/h6><h6>\u00a0<\/h6>\t\t\t\t\t\t\t\t<\/div>\n\t\t\t\t<\/div>\n\t\t\t\t<div class=\"elementor-element elementor-element-e8765ed elementor-widget__width-initial elementor-absolute elementor-widget-mobile__width-initial elementor-widget elementor-widget-heading\" data-id=\"e8765ed\" data-element_type=\"widget\" data-e-type=\"widget\" data-settings=\"{&quot;_position&quot;:&quot;absolute&quot;}\" data-widget_type=\"heading.default\">\n\t\t\t\t<div class=\"elementor-widget-container\">\n\t\t\t\t\t<h5 class=\"elementor-heading-title elementor-size-default\">Frauenzeit \nGanzheitlicher Kurs f\u00fcr Frauen in Berlin<\/h5>\t\t\t\t<\/div>\n\t\t\t\t<\/div>\n\t\t\t\t<\/div>\n\t\t\t\t\t<\/div>\n\t\t\t\t<\/div>\n\t\t<div class=\"elementor-element elementor-element-ac0b633 e-flex e-con-boxed e-con e-parent\" data-id=\"ac0b633\" data-element_type=\"container\" data-e-type=\"container\">\n\t\t\t\t\t<div class=\"e-con-inner\">\n\t\t\t\t<div class=\"elementor-element elementor-element-b2dfe12 elementor-widget elementor-widget-button\" data-id=\"b2dfe12\" data-element_type=\"widget\" data-e-type=\"widget\" data-widget_type=\"button.default\">\n\t\t\t\t<div class=\"elementor-widget-container\">\n\t\t\t\t\t\t\t\t\t<div class=\"elementor-button-wrapper\">\n\t\t\t\t\t<a class=\"elementor-button elementor-button-link elementor-size-sm\" href=\"http:\/\/info@ganzheitlichbegleiten.clever-websites.de%20\" target=\"_blank\">\n\t\t\t\t\t\t<span class=\"elementor-button-content-wrapper\">\n\t\t\t\t\t\t\t\t\t<span class=\"elementor-button-text\">Jetzt anmelden<\/span>\n\t\t\t\t\t<\/span>\n\t\t\t\t\t<\/a>\n\t\t\t\t<\/div>\n\t\t\t\t\t\t\t\t<\/div>\n\t\t\t\t<\/div>\n\t\t\t\t\t<\/div>\n\t\t\t\t<\/div>\n\t\t<div class=\"elementor-element elementor-element-d314e03 e-flex e-con-boxed e-con e-parent\" data-id=\"d314e03\" data-element_type=\"container\" data-e-type=\"container\">\n\t\t\t\t\t<div class=\"e-con-inner\">\n\t\t\t\t<div class=\"elementor-element elementor-element-2080865 elementor-widget elementor-widget-image\" data-id=\"2080865\" data-element_type=\"widget\" data-e-type=\"widget\" data-widget_type=\"image.default\">\n\t\t\t\t<div class=\"elementor-widget-container\">\n\t\t\t\t\t\t\t\t\t\t\t\t\t\t\t<img decoding=\"async\" width=\"800\" height=\"600\" src=\"https:\/\/ganzheitlichbegleiten.clever-websites.de\/wp-content\/uploads\/2026\/05\/Frauenzeit_Raum-1-1-1024x768.jpg\" class=\"attachment-large size-large wp-image-4902\" alt=\"\" srcset=\"https:\/\/ganzheitlichbegleiten.clever-websites.de\/wp-content\/uploads\/2026\/05\/Frauenzeit_Raum-1-1-1024x768.jpg 1024w, https:\/\/ganzheitlichbegleiten.clever-websites.de\/wp-content\/uploads\/2026\/05\/Frauenzeit_Raum-1-1-300x225.jpg 300w, https:\/\/ganzheitlichbegleiten.clever-websites.de\/wp-content\/uploads\/2026\/05\/Frauenzeit_Raum-1-1-768x576.jpg 768w, https:\/\/ganzheitlichbegleiten.clever-websites.de\/wp-content\/uploads\/2026\/05\/Frauenzeit_Raum-1-1-1536x1152.jpg 1536w, https:\/\/ganzheitlichbegleiten.clever-websites.de\/wp-content\/uploads\/2026\/05\/Frauenzeit_Raum-1-1-2048x1536.jpg 2048w\" sizes=\"(max-width: 800px) 100vw, 800px\" \/>\t\t\t\t\t\t\t\t\t\t\t\t\t\t\t<\/div>\n\t\t\t\t<\/div>\n\t\t\t\t\t<\/div>\n\t\t\t\t<\/div>\n\t\t\t\t<\/div>\n\t\t","protected":false},"excerpt":{"rendered":"<p>donnerstags19:30 Uhr online via Zoom Link 25 min\/ 14 \u20ac Jetzt Abendzauber buchen \u00a0 \u00a0 \u00a0 Mehr als ein Entspannungskurs\u00a0 Du erlebst eine frauenspezifische Reise mit gezielten Themen rund um K\u00f6rper, Geist und Seele. Ein ganzheitlicher Kurs fu\u0308r Frauen rund um einen stressfreieren Alltag, bewusstes Leben und gesundes Wohlbefinden mit wohlwollendem Austausch. KO\u0308RPER: Impulse aus [&hellip;]<\/p>\n","protected":false},"author":3,"featured_media":0,"parent":0,"menu_order":0,"comment_status":"closed","ping_status":"closed","template":"","meta":{"footnotes":""},"class_list":["post-3641","page","type-page","status-publish","hentry"],"_links":{"self":[{"href":"https:\/\/ganzheitlichbegleiten.clever-websites.de\/index.php?rest_route=\/wp\/v2\/pages\/3641","targetHints":{"allow":["GET"]}}],"collection":[{"href":"https:\/\/ganzheitlichbegleiten.clever-websites.de\/index.php?rest_route=\/wp\/v2\/pages"}],"about":[{"href":"https:\/\/ganzheitlichbegleiten.clever-websites.de\/index.php?rest_route=\/wp\/v2\/types\/page"}],"author":[{"embeddable":true,"href":"https:\/\/ganzheitlichbegleiten.clever-websites.de\/index.php?rest_route=\/wp\/v2\/users\/3"}],"replies":[{"embeddable":true,"href":"https:\/\/ganzheitlichbegleiten.clever-websites.de\/index.php?rest_route=%2Fwp%2Fv2%2Fcomments&post=3641"}],"version-history":[{"count":388,"href":"https:\/\/ganzheitlichbegleiten.clever-websites.de\/index.php?rest_route=\/wp\/v2\/pages\/3641\/revisions"}],"predecessor-version":[{"id":5313,"href":"https:\/\/ganzheitlichbegleiten.clever-websites.de\/index.php?rest_route=\/wp\/v2\/pages\/3641\/revisions\/5313"}],"wp:attachment":[{"href":"https:\/\/ganzheitlichbegleiten.clever-websites.de\/index.php?rest_route=%2Fwp%2Fv2%2Fmedia&parent=3641"}],"curies":[{"name":"wp","href":"https:\/\/api.w.org\/{rel}","templated":true}]}}