{"id":4608,"date":"2026-01-11T00:02:27","date_gmt":"2026-01-10T23:02:27","guid":{"rendered":"https:\/\/ganzheitlichbegleiten.clever-websites.de\/?page_id=4608"},"modified":"2026-01-11T00:03:37","modified_gmt":"2026-01-10T23:03:37","slug":"agbs","status":"publish","type":"page","link":"https:\/\/ganzheitlichbegleiten.clever-websites.de\/?page_id=4608","title":{"rendered":"AGBs"},"content":{"rendered":"\t\t<div data-elementor-type=\"wp-page\" data-elementor-id=\"4608\" class=\"elementor elementor-4608\" data-elementor-post-type=\"page\">\n\t\t\t\t<div class=\"elementor-element elementor-element-e74d8b6 e-flex e-con-boxed e-con e-parent\" data-id=\"e74d8b6\" data-element_type=\"container\" data-e-type=\"container\">\n\t\t\t\t\t<div class=\"e-con-inner\">\n\t\t\t\t<div class=\"elementor-element elementor-element-260af61 elementor-widget elementor-widget-text-editor\" data-id=\"260af61\" data-element_type=\"widget\" data-e-type=\"widget\" data-widget_type=\"text-editor.default\">\n\t\t\t\t<div class=\"elementor-widget-container\">\n\t\t\t\t\t\t\t\t\t<p>Allgemeine Gesch\u00e4ftsbedingungen<\/p><ol><li>Die Beratungsleistung und die ganzheitlichen Kurse werden von Antonia K\u00f6sling als ganzheitliche Gesundheitsberaterin (IHK), pers\u00f6nlich, telefonisch, online oder per Email erbracht. Die Informationen stellen keine medizinischen Ratschl\u00e4ge dar und ersetzen nicht die \u00e4rztliche Behandlung oder Therapie. Trotz gr\u00f6\u00dfter Sorgfalt kann keine Gew\u00e4hr f\u00fcr Richtigkeit und Vollst\u00e4ndigkeit dieser Informationen \u00fcbernommen werden. Der Erfolg der Gesundheitsberatung und der Kurse h\u00e4ngt im Wesentlichen von der Mitarbeit der zu beratenden Person ab und kann nicht garantiert werden. Ebenso wird keine Garantie f\u00fcr gesundheitliche physische oder psychische (Folge-)Sch\u00e4den \u00fcbernommen, sofern diese nach einer Beratung oder der Teilnahme an einem Kurs durch Antonia K\u00f6sling, auftreten.<\/li><li>Schweigepflicht: \u2028Ich bin der Schweigepflicht unterworfen. Die Pflicht zur Vertraulichkeit besteht auch \u00fcber die Beendigung der Gesundheitsberatung hinaus.<\/li><li>Zahlungsbedingungen: Die Zahlung erfolgt entweder: 1. Bar vor Ort bei Kursbeginn\/ Beratung oder 2. per PayPal vorab bei Online-Kursen (Zahlungslink per E-Mail). Gesetzliches Widerrufsrecht betr\u00e4gt: 14 Tage ab Zahlung\/Rechnungsdatum. Nach Ablauf\/ Bei Abbruch\/ Nicht-Erscheinen keine R\u00fcckerstattung.<\/li><li>Terminabsagen f\u00fcr Beratungen\u2028: Sie reservieren als AuftraggeberIn einen verbindlichen Gespr\u00e4chstermin mit einer vereinbarten Gespr\u00e4chszeit. Sollten Sie einen Termin nicht einhalten k\u00f6nnen oder verschieben wollen, so informieren Sie mich bitte sp\u00e4testens 2 Werktage vorher. Dies kann telefonisch, per Email oder per SMS geschehen. Bei sp\u00e4teren Absagen werden 50% des Honorars f\u00e4llig. Ausgenommen sind Absagen von Terminen aufgrund akuter Krankheit. Sollte ein Termin ohne Ank\u00fcndigung nicht in Anspruch genommen werden, wird aufgrund der Umst\u00e4nde und der nicht mehr m\u00f6glichen Vermittlung des gebuchten Termins eine Stornogeb\u00fchr von 100% der gebuchten Beratungsleistung f\u00e4llig. Workshop\/Kurs-Absagen: Siehe Zahlungsbedingungen oben.<\/li><li>Durchf\u00fchrung der Gesundheitsberatung\u2028: Gegenstand des Auftrages ist das Erbringen einer vereinbarten Leistung, z.B. Gesundheitsberatung und nicht das Erreichen eines bestimmten k\u00f6rperlichen Erfolges. Die beauftragten Leistungen gelten als erbracht, wenn die erforderlichen Analysen und Beratungen erfolgt sind und eventuell auftretende Fragen bearbeitet wurden.\u2028Sie verpflichten sich im eigenen Interesse, alle Angaben (z.B. Angaben zu ihrer Person, Ern\u00e4hrungsprotokolle und den Gesundheitszustand) wahrheitsgem\u00e4\u00df und vollst\u00e4ndig zu erbringen.<\/li><li>Workshops &amp; Online-Paket \/ Kursgeb\u00fchr \/ Kursabsage: Die TeilnehmerInnen \u00fcbernehmen volle Verantwortung und Haftung f\u00fcr sich selbst. Nach der Anmeldung erhalten Sie eine Anmeldebest\u00e4tigun. Zahlung: Siehe Zahlungsbedingungen.<br \/>Bei Erkrankung der Dozentin\/Kursleiterin, bei Unwetter, h\u00f6herer Gewalt oder anderweitiger schwerwiegender Gr\u00fcnde entfallen Workshop oder Terminvereinbarungen f\u00fcr beide Vertragspartner folgenlos. Bereits gezahlte Seminarkosten werden erstattet. Nach Anmeldung und Vermittlung der Zugangsdaten des Online-Pakets wird der gezahlte Rechnungsbetrag nicht r\u00fcckerstattet. Der Zugang zum Online-Paket ist 3 Monate g\u00fcltig.<\/li><li>Schutz des Eigentums: \u2028Sie verpflichten sich, dass die im Rahmen der Gesundheitsberatung von mir erstellten Informationsmaterialien, Rezepte, Berichte und Analysen nur f\u00fcr eigene Zwecke verwendet werden. Sie erhalten das ausschlie\u00dfliche und nicht \u00fcbertragbare Nutzungsrecht daran. S\u00e4mtliche Dokumente und Tabellen sind ausschlie\u00dflich personenbezogen und nicht von Dritten nutzbar.<\/li><li>Gew\u00e4hrleistung\u2028: Ich bin bem\u00fcht, alle T\u00e4tigkeiten mit gr\u00f6\u00dfter Sorgfalt und unter Beachtung anerkannter ern\u00e4hrungswissenschaftlicher Erkenntnisse und Grunds\u00e4tze auszuf\u00fchren. Alle Empfehlungen und Analysen erfolgen nach bestem Wissen und Gewissen. Gew\u00e4hrleistungen f\u00fcr den Inhalt solcher Empfehlungen \u00fcbernehme ich nicht. Der Erfolg der Gesundheits- und Ern\u00e4hrungsberatung liegt zum gr\u00f6\u00dften Teil au\u00dferhalb meines Einflussbereiches und h\u00e4ngt wesentlich von Ihrer Mitarbeit ab und kann deshalb nicht garantiert werden.\u2028Die Beratung ist als Hilfe zur Selbsthilfe zu verstehen. Trotz gr\u00f6\u00dfter Sorgfalt \u00fcbernehme ich keine Gew\u00e4hr f\u00fcr Richtigkeit und Vollst\u00e4ndigkeit der Informationen.<\/li><li>Haftung\u2028: Eine Haftung f\u00fcr den Erfolg der Beratung sowie f\u00fcr m\u00f6gliche negative Folgen (inkl. direkte oder indirekte Folgesch\u00e4den) durch die Beratungst\u00e4tigkeit wird in jedem Fall ausgeschlossen. Eine Haftung f\u00fcr jegliche Art von Sch\u00e4den einschlie\u00dflich Folgesch\u00e4den, die sich aus dem Gebrauch der Informationen ergeben, ist ausgeschlossen.<\/li><li>Schlussbestimmungen\u2028: \u00c4nderungen und Erg\u00e4nzungen dieses Vertrages bed\u00fcrfen zu ihrer Wirksamkeit der Schriftform. M\u00fcndliche Nebenabreden gelten nicht.<\/li><li>Salvatorische Klausel: \u2028Sollte einer dieser Regelungen unwirksam sein, so wird die Wirksamkeit der \u00fcbrigen Regelungen nicht ber\u00fchrt. An die Stelle der unwirksamen Klausel tritt eine Regelung, die dieser wirtschaftlich und gesetzlich am n\u00e4chsten kommt.<\/li><\/ol>\t\t\t\t\t\t\t\t<\/div>\n\t\t\t\t<\/div>\n\t\t\t\t\t<\/div>\n\t\t\t\t<\/div>\n\t\t\t\t<\/div>\n\t\t","protected":false},"excerpt":{"rendered":"<p>Allgemeine Gesch\u00e4ftsbedingungen Die Beratungsleistung und die ganzheitlichen Kurse werden von Antonia K\u00f6sling als ganzheitliche Gesundheitsberaterin (IHK), pers\u00f6nlich, telefonisch, online oder per Email erbracht. Die Informationen stellen keine medizinischen Ratschl\u00e4ge dar und ersetzen nicht die \u00e4rztliche Behandlung oder Therapie. Trotz gr\u00f6\u00dfter Sorgfalt kann keine Gew\u00e4hr f\u00fcr Richtigkeit und Vollst\u00e4ndigkeit dieser Informationen \u00fcbernommen werden. Der Erfolg der [&hellip;]<\/p>\n","protected":false},"author":3,"featured_media":0,"parent":0,"menu_order":0,"comment_status":"closed","ping_status":"closed","template":"","meta":{"footnotes":""},"class_list":["post-4608","page","type-page","status-publish","hentry"],"_links":{"self":[{"href":"https:\/\/ganzheitlichbegleiten.clever-websites.de\/index.php?rest_route=\/wp\/v2\/pages\/4608","targetHints":{"allow":["GET"]}}],"collection":[{"href":"https:\/\/ganzheitlichbegleiten.clever-websites.de\/index.php?rest_route=\/wp\/v2\/pages"}],"about":[{"href":"https:\/\/ganzheitlichbegleiten.clever-websites.de\/index.php?rest_route=\/wp\/v2\/types\/page"}],"author":[{"embeddable":true,"href":"https:\/\/ganzheitlichbegleiten.clever-websites.de\/index.php?rest_route=\/wp\/v2\/users\/3"}],"replies":[{"embeddable":true,"href":"https:\/\/ganzheitlichbegleiten.clever-websites.de\/index.php?rest_route=%2Fwp%2Fv2%2Fcomments&post=4608"}],"version-history":[{"count":3,"href":"https:\/\/ganzheitlichbegleiten.clever-websites.de\/index.php?rest_route=\/wp\/v2\/pages\/4608\/revisions"}],"predecessor-version":[{"id":4613,"href":"https:\/\/ganzheitlichbegleiten.clever-websites.de\/index.php?rest_route=\/wp\/v2\/pages\/4608\/revisions\/4613"}],"wp:attachment":[{"href":"https:\/\/ganzheitlichbegleiten.clever-websites.de\/index.php?rest_route=%2Fwp%2Fv2%2Fmedia&parent=4608"}],"curies":[{"name":"wp","href":"https:\/\/api.w.org\/{rel}","templated":true}]}}