{"id":4648,"date":"2026-01-11T12:12:05","date_gmt":"2026-01-11T11:12:05","guid":{"rendered":"https:\/\/ganzheitlichbegleiten.clever-websites.de\/?page_id=4648"},"modified":"2026-01-11T12:23:13","modified_gmt":"2026-01-11T11:23:13","slug":"zahlung-abschliessen","status":"publish","type":"page","link":"https:\/\/ganzheitlichbegleiten.clever-websites.de\/?page_id=4648","title":{"rendered":"<div id=\"paypal-container-WFRE7B47YWQN8\"><\/div> <script> paypal.HostedButtons({ hostedButtonId: \"WFRE7B47YWQN8\", }).render(\"#paypal-container-WFRE7B47YWQN8\") <\/script><div id=\"paypal-container-WFRE7B47YWQN8\"><\/div> <script> paypal.HostedButtons({ hostedButtonId: \"WFRE7B47YWQN8\", }).render(\"#paypal-container-WFRE7B47YWQN8\") <\/script>"},"content":{"rendered":"\t\t<div data-elementor-type=\"wp-page\" data-elementor-id=\"4648\" class=\"elementor elementor-4648\" data-elementor-post-type=\"page\">\n\t\t\t\t<div class=\"elementor-element elementor-element-5fa1ddc e-flex e-con-boxed e-con e-parent\" data-id=\"5fa1ddc\" data-element_type=\"container\" data-e-type=\"container\" data-settings=\"{&quot;background_background&quot;:&quot;classic&quot;}\">\n\t\t\t\t\t<div class=\"e-con-inner\">\n\t\t<div class=\"elementor-element elementor-element-7021383 e-con-full e-flex e-con e-child\" data-id=\"7021383\" data-element_type=\"container\" data-e-type=\"container\" data-settings=\"{&quot;background_background&quot;:&quot;classic&quot;}\">\n\t\t\t\t<div class=\"elementor-element elementor-element-9da5937 elementor-widget__width-initial elementor-widget elementor-widget-text-editor\" data-id=\"9da5937\" data-element_type=\"widget\" data-e-type=\"widget\" data-widget_type=\"text-editor.default\">\n\t\t\t\t<div class=\"elementor-widget-container\">\n\t\t\t\t\t\t\t\t\t<div id=\"paypal-container-WFRE7B47YWQN8\"><\/div>\n<script>\n  paypal.HostedButtons({\n    hostedButtonId: \"WFRE7B47YWQN8\",\n  }).render(\"#paypal-container-WFRE7B47YWQN8\")\n<\/script>\t\t\t\t\t\t\t\t<\/div>\n\t\t\t\t<\/div>\n\t\t\t\t<\/div>\n\t\t<div class=\"elementor-element elementor-element-559d24d e-con-full e-flex e-con e-child\" data-id=\"559d24d\" data-element_type=\"container\" data-e-type=\"container\">\n\t\t\t\t<div class=\"elementor-element elementor-element-f4ef8b2 elementor-widget elementor-widget-heading\" data-id=\"f4ef8b2\" data-element_type=\"widget\" data-e-type=\"widget\" data-widget_type=\"heading.default\">\n\t\t\t\t<div class=\"elementor-widget-container\">\n\t\t\t\t\t<h5 class=\"elementor-heading-title elementor-size-default\">Zahlung abschlie\u00dfen<\/h5>\t\t\t\t<\/div>\n\t\t\t\t<\/div>\n\t\t\t\t<div class=\"elementor-element elementor-element-30b8823 elementor-widget-divider--view-line elementor-widget elementor-widget-divider\" data-id=\"30b8823\" data-element_type=\"widget\" data-e-type=\"widget\" data-widget_type=\"divider.default\">\n\t\t\t\t<div class=\"elementor-widget-container\">\n\t\t\t\t\t\t\t<div class=\"elementor-divider\">\n\t\t\t<span class=\"elementor-divider-separator\">\n\t\t\t\t\t\t<\/span>\n\t\t<\/div>\n\t\t\t\t\t\t<\/div>\n\t\t\t\t<\/div>\n\t\t\t\t<div class=\"elementor-element elementor-element-4ae2e88 elementor-widget elementor-widget-text-editor\" data-id=\"4ae2e88\" data-element_type=\"widget\" data-e-type=\"widget\" data-widget_type=\"text-editor.default\">\n\t\t\t\t<div class=\"elementor-widget-container\">\n\t\t\t\t\t\t\t\t\t<h2>Danke f\u00fcr deine Anmeldung!<\/h2>\n\n<div id=\"paypal-container-WFRE7B47YWQN8\"><\/div>\n<script src=\"https:\/\/www.paypal.com\/sdk\/js?client-id=TEST&#038;currency=EUR\"><\/script>\n<script>\n  paypal.HostedButtons({\n    hostedButtonId: \"WFRE7B47YWQN8\",\n  }).render(\"#paypal-container-WFRE7B47YWQN8\");\n<\/script>\n\n<p>Kursgeb\u00fchr 29\u20ac &#8211; Nach Zahlung endg\u00fcltig angemeldet!<\/p>\n\t\t\t\t\t\t\t\t<\/div>\n\t\t\t\t<\/div>\n\t\t\t\t<\/div>\n\t\t\t\t\t<\/div>\n\t\t\t\t<\/div>\n\t\t\t\t<\/div>\n\t\t","protected":false},"excerpt":{"rendered":"<p>Zahlung abschlie\u00dfen Danke f\u00fcr deine Anmeldung! Kursgeb\u00fchr 29\u20ac &#8211; Nach Zahlung endg\u00fcltig angemeldet!<\/p>\n","protected":false},"author":3,"featured_media":0,"parent":0,"menu_order":0,"comment_status":"closed","ping_status":"closed","template":"","meta":{"footnotes":""},"class_list":["post-4648","page","type-page","status-publish","hentry"],"_links":{"self":[{"href":"https:\/\/ganzheitlichbegleiten.clever-websites.de\/index.php?rest_route=\/wp\/v2\/pages\/4648","targetHints":{"allow":["GET"]}}],"collection":[{"href":"https:\/\/ganzheitlichbegleiten.clever-websites.de\/index.php?rest_route=\/wp\/v2\/pages"}],"about":[{"href":"https:\/\/ganzheitlichbegleiten.clever-websites.de\/index.php?rest_route=\/wp\/v2\/types\/page"}],"author":[{"embeddable":true,"href":"https:\/\/ganzheitlichbegleiten.clever-websites.de\/index.php?rest_route=\/wp\/v2\/users\/3"}],"replies":[{"embeddable":true,"href":"https:\/\/ganzheitlichbegleiten.clever-websites.de\/index.php?rest_route=%2Fwp%2Fv2%2Fcomments&post=4648"}],"version-history":[{"count":11,"href":"https:\/\/ganzheitlichbegleiten.clever-websites.de\/index.php?rest_route=\/wp\/v2\/pages\/4648\/revisions"}],"predecessor-version":[{"id":4660,"href":"https:\/\/ganzheitlichbegleiten.clever-websites.de\/index.php?rest_route=\/wp\/v2\/pages\/4648\/revisions\/4660"}],"wp:attachment":[{"href":"https:\/\/ganzheitlichbegleiten.clever-websites.de\/index.php?rest_route=%2Fwp%2Fv2%2Fmedia&parent=4648"}],"curies":[{"name":"wp","href":"https:\/\/api.w.org\/{rel}","templated":true}]}}