{"id":5132,"date":"2026-05-10T17:04:59","date_gmt":"2026-05-10T15:04:59","guid":{"rendered":"https:\/\/ganzheitlichbegleiten.clever-websites.de\/?page_id=5132"},"modified":"2026-05-11T07:43:10","modified_gmt":"2026-05-11T05:43:10","slug":"elementor-5132","status":"publish","type":"page","link":"https:\/\/ganzheitlichbegleiten.clever-websites.de\/?page_id=5132","title":{"rendered":"Abendzauber"},"content":{"rendered":"\t\t<div data-elementor-type=\"wp-page\" data-elementor-id=\"5132\" class=\"elementor elementor-5132\" data-elementor-post-type=\"page\">\n\t\t\t\t<div class=\"elementor-element elementor-element-88222c2 e-flex e-con-boxed e-con e-parent\" data-id=\"88222c2\" data-element_type=\"container\" data-e-type=\"container\" data-settings=\"{&quot;background_background&quot;:&quot;classic&quot;}\">\n\t\t\t\t\t<div class=\"e-con-inner\">\n\t\t<div class=\"elementor-element elementor-element-9c9d4ec e-con-full e-flex e-con e-child\" data-id=\"9c9d4ec\" data-element_type=\"container\" data-e-type=\"container\" data-settings=\"{&quot;background_background&quot;:&quot;classic&quot;}\">\n\t\t\t\t<div class=\"elementor-element elementor-element-bb2390f elementor-widget__width-initial elementor-widget elementor-widget-text-editor\" data-id=\"bb2390f\" data-element_type=\"widget\" data-e-type=\"widget\" data-widget_type=\"text-editor.default\">\n\t\t\t\t<div class=\"elementor-widget-container\">\n\t\t\t\t\t\t\t\t\t<h6>Abendzauber &#8211; Dein Wohlf\u00fchl-Ritual<\/h6><h6>donnerstags<br \/>19:30 Uhr<\/h6><p>online via Zoom<\/p><p>25 Min. \/ 14 \u20ac<\/p><p>\u00a0<\/p>\t\t\t\t\t\t\t\t<\/div>\n\t\t\t\t<\/div>\n\t\t\t\t<div class=\"elementor-element elementor-element-afc047d elementor-align-right elementor-widget elementor-widget-button\" data-id=\"afc047d\" data-element_type=\"widget\" data-e-type=\"widget\" data-widget_type=\"button.default\">\n\t\t\t\t<div class=\"elementor-widget-container\">\n\t\t\t\t\t\t\t\t\t<div class=\"elementor-button-wrapper\">\n\t\t\t\t\t<a class=\"elementor-button elementor-button-link elementor-size-sm\" href=\"https:\/\/www.checkout-ds24.com\/product\/691358\">\n\t\t\t\t\t\t<span class=\"elementor-button-content-wrapper\">\n\t\t\t\t\t\t\t\t\t<span class=\"elementor-button-text\">Jetzt Abendzauber buchen<\/span>\n\t\t\t\t\t<\/span>\n\t\t\t\t\t<\/a>\n\t\t\t\t<\/div>\n\t\t\t\t\t\t\t\t<\/div>\n\t\t\t\t<\/div>\n\t\t\t\t<\/div>\n\t\t<div class=\"elementor-element elementor-element-b261090 e-con-full e-flex e-con e-child\" data-id=\"b261090\" data-element_type=\"container\" data-e-type=\"container\">\n\t\t\t\t<div class=\"elementor-element elementor-element-73e2383 elementor-widget elementor-widget-heading\" data-id=\"73e2383\" data-element_type=\"widget\" data-e-type=\"widget\" data-widget_type=\"heading.default\">\n\t\t\t\t<div class=\"elementor-widget-container\">\n\t\t\t\t\t<h5 class=\"elementor-heading-title elementor-size-default\">Abendzauber \u2013 Dein Wohlf\u00fchl-Ritual\n<\/h5>\t\t\t\t<\/div>\n\t\t\t\t<\/div>\n\t\t\t\t<div class=\"elementor-element elementor-element-41f6c34 elementor-widget-divider--view-line elementor-widget elementor-widget-divider\" data-id=\"41f6c34\" data-element_type=\"widget\" data-e-type=\"widget\" data-widget_type=\"divider.default\">\n\t\t\t\t<div class=\"elementor-widget-container\">\n\t\t\t\t\t\t\t<div class=\"elementor-divider\">\n\t\t\t<span class=\"elementor-divider-separator\">\n\t\t\t\t\t\t<\/span>\n\t\t<\/div>\n\t\t\t\t\t\t<\/div>\n\t\t\t\t<\/div>\n\t\t\t\t<div class=\"elementor-element elementor-element-b2c37f8 elementor-widget elementor-widget-text-editor\" data-id=\"b2c37f8\" data-element_type=\"widget\" data-e-type=\"widget\" data-widget_type=\"text-editor.default\">\n\t\t\t\t<div class=\"elementor-widget-container\">\n\t\t\t\t\t\t\t\t\t<p>Gef\u00fchrte Live-Begleitung f\u00fcr dich und deine Familie. Digital verbunden lockern wir gemeinsam den K\u00f6rper, f\u00fcllen das Herz mit Dankbarkeit und gleiten durch eine sanfte, gef\u00fchrte Entspannung beh\u00fctet in die Nacht.<\/p><p>Eine liebevoll gestaltete Abendroutine f\u00fcr die ganze Familie: gemeinsam zur Ruhe kommen, den Tag loslassen und gut in den Schlaf finden. Mit Entspannung, sanften Visualisierungen, Affirmationen, Dankbarkeit, Mini-Stretching und kleinen Journaling-Impulsen entsteht ein wohltuender Abschluss des Tages. F\u00fcr mehr Geborgenheit, innere Ruhe und einen friedlichen \u00dcbergang in die Nacht.<\/p><p><strong>So einfach machst du mit:<\/strong><br \/><strong>Vorbereitung:<\/strong><\/p><ul><li>Suche dir einen ruhigen, gem\u00fctlichen Platz (Sofa, Bett oder Yogamatte)<\/li><li>Ziehe bequeme Kleidung an<br \/>Optional: Decke, Kissen, Tee und ged\u00e4mpftes Licht<\/li><li>Die ganze Familie ist herzlich willkommen<\/li><\/ul><p><strong>So funktioniert der Kauf:<\/strong><br \/>Klicke auf \u201eJetzt Abendzauber buchen\u201c, w\u00e4hle dein Wunsch-Datum und bezahle sicher \u00fcber Digistore24. Du erh\u00e4ltst sofort eine E-Mail mit dem Zoom-Link.<\/p><p><strong>Ablauf des Abendzaubers:<\/strong><\/p><p>Wir treffen uns live \u00fcber Zoom (ca. 25 Minuten)<br \/>Gemeinsam lockern wir sanft den K\u00f6rper<br \/>Wir f\u00fcllen das Herz mit Dankbarkeit und positiven Impulsen<br \/>Sanfte gef\u00fchrte Entspannung f\u00fchrt dich beh\u00fctet in die Nacht<\/p><p><strong>Wichtig f\u00fcr dich:<\/strong><br \/>Du kannst jederzeit die Kamera auslassen, wenn du mehr Privatsph\u00e4re m\u00f6chtest. Ein Austausch ist auch gerne \u00fcber den Chat m\u00f6glich.<\/p><p><em>Hinweis: Der Abendzauber dient der Entspannung und Gesundheitsf\u00f6rderung. Er ersetzt keine medizinische oder psychotherapeutische Behandlung. Die Teilnahme erfolgt auf eigene Verantwortung.<\/em><\/p>\t\t\t\t\t\t\t\t<\/div>\n\t\t\t\t<\/div>\n\t\t\t\t<\/div>\n\t\t\t\t\t<\/div>\n\t\t\t\t<\/div>\n\t\t<div class=\"elementor-element elementor-element-763132b e-flex e-con-boxed e-con e-parent\" data-id=\"763132b\" data-element_type=\"container\" data-e-type=\"container\">\n\t\t\t\t\t<div class=\"e-con-inner\">\n\t\t\t\t\t<\/div>\n\t\t\t\t<\/div>\n\t\t\t\t<\/div>\n\t\t","protected":false},"excerpt":{"rendered":"<p>Abendzauber &#8211; Dein Wohlf\u00fchl-Ritual donnerstags19:30 Uhr online via Zoom 25 Min. \/ 14 \u20ac \u00a0 Jetzt Abendzauber buchen Abendzauber \u2013 Dein Wohlf\u00fchl-Ritual Gef\u00fchrte Live-Begleitung f\u00fcr dich und deine Familie. Digital verbunden lockern wir gemeinsam den K\u00f6rper, f\u00fcllen das Herz mit Dankbarkeit und gleiten durch eine sanfte, gef\u00fchrte Entspannung beh\u00fctet in die Nacht. Eine liebevoll gestaltete [&hellip;]<\/p>\n","protected":false},"author":3,"featured_media":0,"parent":0,"menu_order":0,"comment_status":"closed","ping_status":"closed","template":"","meta":{"footnotes":""},"class_list":["post-5132","page","type-page","status-publish","hentry"],"_links":{"self":[{"href":"https:\/\/ganzheitlichbegleiten.clever-websites.de\/index.php?rest_route=\/wp\/v2\/pages\/5132","targetHints":{"allow":["GET"]}}],"collection":[{"href":"https:\/\/ganzheitlichbegleiten.clever-websites.de\/index.php?rest_route=\/wp\/v2\/pages"}],"about":[{"href":"https:\/\/ganzheitlichbegleiten.clever-websites.de\/index.php?rest_route=\/wp\/v2\/types\/page"}],"author":[{"embeddable":true,"href":"https:\/\/ganzheitlichbegleiten.clever-websites.de\/index.php?rest_route=\/wp\/v2\/users\/3"}],"replies":[{"embeddable":true,"href":"https:\/\/ganzheitlichbegleiten.clever-websites.de\/index.php?rest_route=%2Fwp%2Fv2%2Fcomments&post=5132"}],"version-history":[{"count":30,"href":"https:\/\/ganzheitlichbegleiten.clever-websites.de\/index.php?rest_route=\/wp\/v2\/pages\/5132\/revisions"}],"predecessor-version":[{"id":5270,"href":"https:\/\/ganzheitlichbegleiten.clever-websites.de\/index.php?rest_route=\/wp\/v2\/pages\/5132\/revisions\/5270"}],"wp:attachment":[{"href":"https:\/\/ganzheitlichbegleiten.clever-websites.de\/index.php?rest_route=%2Fwp%2Fv2%2Fmedia&parent=5132"}],"curies":[{"name":"wp","href":"https:\/\/api.w.org\/{rel}","templated":true}]}}